{"id":1808,"date":"2022-09-09T10:27:13","date_gmt":"2022-09-09T08:27:13","guid":{"rendered":"https:\/\/www.utinam-boutique.fr\/home\/"},"modified":"2023-03-31T20:49:17","modified_gmt":"2023-03-31T18:49:17","slug":"home","status":"publish","type":"page","link":"https:\/\/www.utinam-boutique.fr\/en\/","title":{"rendered":"Home"},"content":{"rendered":"\n<div class=\"is-layout-flex wp-container-5 wp-block-columns alignfull top-cover has-white-background-color has-background\" style=\"padding-top:0px;padding-right:0px;padding-bottom:0px;padding-left:0px\">\n<div class=\"is-layout-flow wp-block-column is-vertically-aligned-center\" style=\"padding-top:40px;padding-right:40px;padding-bottom:40px;padding-left:40px;flex-basis:50%\">\n<div class=\"is-layout-constrained wp-container-2 wp-block-group\">\n<h1 class=\"u-title-h3\">Pop Up<\/h1>\n\n\n\n<div style=\"height:25px\" aria-hidden=\"true\" class=\"wp-block-spacer\"><\/div>\n\n\n\n<h5 class=\"has-text-color\" style=\"color:#646464;font-size:2rem\">11 900 \u20ac<\/h5>\n\n\n\n<div style=\"height:30px\" aria-hidden=\"true\" class=\"wp-block-spacer\"><\/div>\n\n\n\n<p>UTINAM Besan\u00e7on mechanical clock designed by Philippe LEBRU, with a patented movement, awarded at the L\u00e9pine competition in Paris in 2005, numbered pieces, limited series of 88, designed and made in our Besan\u00e7on workshops<\/p>\n\n\n\n<div style=\"height:50px\" aria-hidden=\"true\" class=\"wp-block-spacer\"><\/div>\n\n\n\n<div class=\"is-layout-flex wp-block-buttons\">\n<div class=\"wp-block-button is-style-fill\"><a class=\"wp-block-button__link wp-element-button\" href=\"https:\/\/www.utinam-boutique.fr\/en\/produit\/pop-up-parquet-monochrome-yellow-with-regulator\/\">Discover the pop-up<\/a><\/div>\n<\/div>\n<\/div>\n<\/div>\n\n\n\n<div class=\"is-layout-flow wp-block-column display-first-on-mobile c-hero__image has-background\" style=\"background-color:#f5f5f5;padding-top:44px;padding-bottom:17px;flex-basis:50%\">\n<figure class=\"wp-block-image aligncenter size-large is-resized has-custom-border c-hero__img\"><img decoding=\"async\" loading=\"lazy\" src=\"https:\/\/www.utinam-boutique.fr\/wp-content\/uploads\/2022\/11\/pop-up@2x-451x1024.png\" alt=\"\" class=\"wp-image-1912\" style=\"border-radius:0px\" width=\"352\" height=\"662\" \/><\/figure>\n<\/div>\n<\/div>\n\n\n\n<div class=\"is-layout-flex wp-container-8 wp-block-columns alignfull top-cover has-white-background-color has-background\" style=\"padding-top:0px;padding-right:0px;padding-bottom:0px;padding-left:0px\">\n<div class=\"is-layout-flow wp-block-column is-vertically-aligned-center\" style=\"padding-top:0px;padding-right:0px;padding-bottom:0px;padding-left:0px;flex-basis:100%\">\n<div class=\"is-layout-constrained wp-container-6 wp-block-group\"><\/div>\n<\/div>\n<\/div>\n\n\n\n<div class=\"is-layout-flex wp-container-10 wp-block-columns\">\n<div class=\"is-layout-constrained wp-container-9 wp-block-column\">\n<div style=\"height:66px\" aria-hidden=\"true\" class=\"wp-block-spacer\"><\/div>\n<\/div>\n<\/div>\n\n\n\n<hr class=\"wp-block-separator alignfull has-text-color has-white-color has-alpha-channel-opacity has-white-background-color has-background is-style-wide\" \/>\n\n\n\n<div style=\"height:0px\" aria-hidden=\"true\" class=\"wp-block-spacer\"><\/div>\n\n\n\n<div class=\"is-vertical is-content-justification-center is-layout-flex wp-container-11 wp-block-group\">\n<h3 class=\"has-text-align-center u-title-h2\">Collections<\/h3>\n\n\n\n<p class=\"has-text-align-center\">Unique and technological, subversive and creative, discover&nbsp;<strong>UTINAM watchmaking<\/strong><\/p>\n\n\n\n<div style=\"height:5px\" aria-hidden=\"true\" class=\"wp-block-spacer\"><\/div>\n<\/div>\n\n\n\n<div style=\"height:68px\" aria-hidden=\"true\" class=\"wp-block-spacer\"><\/div>\n\n\n<div data-block-name=\"woocommerce\/handpicked-products\" data-content-visibility=\"{&quot;image&quot;:true,&quot;title&quot;:true,&quot;price&quot;:true,&quot;rating&quot;:false,&quot;button&quot;:true}\" data-products=\"[1943,1944,1945,1948,1949,1951,1952,1966,1969,1975,1978,1981]\" data-align-buttons=\"true\" class=\"wc-block-grid wp-block-handpicked-products wc-block-handpicked-products has-3-columns has-multiple-rows alignwide has-aligned-buttons\"><ul class=\"wc-block-grid__products\">\n        <li class=\"wc-block-grid__product\">\n            <a href=\"https:\/\/www.utinam-boutique.fr\/en\/produit\/kb2-standing-clock-with-regulator\/\" class=\"wc-block-grid__product-link\">\n                <div class=\"wc-block-grid__product-image\"><img width=\"432\" height=\"769\" src=\"https:\/\/www.utinam-boutique.fr\/wp-content\/uploads\/2022\/10\/horloge-utinam-besancon-kb2-regulateur-parquet-2.png\" class=\"attachment-woocommerce_thumbnail size-woocommerce_thumbnail\" alt=\"KB2 standing clock with regulator\" decoding=\"async\" loading=\"lazy\" \/><\/div>\n\t\t\t\t\n\t\t\t\t<div class=\"wc-block-grid__product-title\">KB2 standing clock with regulator<\/div>\n\t\t\t\t<div class=\"wc-block-grid__product-price price\"><span class=\"woocommerce-Price-amount amount\">29700,00&nbsp;<span class=\"woocommerce-Price-currencySymbol\">&euro;<\/span><\/span><\/div>\n\t\t\t\t\n            <\/a>\n            <div class=\"wp-block-button wc-block-grid__product-add-to-cart\"><a href=\"?add-to-cart=1949\" aria-label=\"Add &ldquo;KB2 standing clock with regulator&rdquo; to your cart\" data-quantity=\"1\" data-product_id=\"1949\" data-product_sku=\"\" rel=\"nofollow\" class=\"wp-block-button__link wp-element-button add_to_cart_button ajax_add_to_cart\">Add to cart<\/a><\/div>\n        <\/li>\n    \n        <li class=\"wc-block-grid__product\">\n            <a href=\"https:\/\/www.utinam-boutique.fr\/en\/produit\/kb2-wall-mounted-regulator-2\/\" class=\"wc-block-grid__product-link\">\n                <div class=\"wc-block-grid__product-image\"><img width=\"922\" height=\"1080\" src=\"https:\/\/www.utinam-boutique.fr\/wp-content\/uploads\/2022\/10\/horloge-utinam-besancon-kb2-regulateur-murale.png\" class=\"attachment-woocommerce_thumbnail size-woocommerce_thumbnail\" alt=\"KB2 wall mounted regulator\" decoding=\"async\" loading=\"lazy\" \/><\/div>\n\t\t\t\t\n\t\t\t\t<div class=\"wc-block-grid__product-title\">KB2 wall mounted regulator<\/div>\n\t\t\t\t<div class=\"wc-block-grid__product-price price\"><span class=\"woocommerce-Price-amount amount\">24000,00&nbsp;<span class=\"woocommerce-Price-currencySymbol\">&euro;<\/span><\/span><\/div>\n\t\t\t\t\n            <\/a>\n            <div class=\"wp-block-button wc-block-grid__product-add-to-cart\"><a href=\"?add-to-cart=1948\" aria-label=\"Add &ldquo;KB2 wall mounted regulator&rdquo; to your cart\" data-quantity=\"1\" data-product_id=\"1948\" data-product_sku=\"\" rel=\"nofollow\" class=\"wp-block-button__link wp-element-button add_to_cart_button ajax_add_to_cart\">Add to cart<\/a><\/div>\n        <\/li>\n    \n        <li class=\"wc-block-grid__product\">\n            <a href=\"https:\/\/www.utinam-boutique.fr\/en\/produit\/quadripod\/\" class=\"wc-block-grid__product-link\">\n                <div class=\"wc-block-grid__product-image\"><img width=\"1080\" height=\"1080\" src=\"https:\/\/www.utinam-boutique.fr\/wp-content\/uploads\/2022\/10\/Montre_Utinam-Besancon_QUADRIPOD_Acier_Bleue_Automatic_Face-1.png\" class=\"attachment-woocommerce_thumbnail size-woocommerce_thumbnail\" alt=\"QUADRIPOD\" decoding=\"async\" loading=\"lazy\" \/><\/div>\n\t\t\t\t\n\t\t\t\t<div class=\"wc-block-grid__product-title\">QUADRIPOD<\/div>\n\t\t\t\t<div class=\"wc-block-grid__product-price price\"><span class=\"woocommerce-Price-amount amount\">1720,00&nbsp;<span class=\"woocommerce-Price-currencySymbol\">&euro;<\/span><\/span> &ndash; <span class=\"woocommerce-Price-amount amount\">1993,00&nbsp;<span class=\"woocommerce-Price-currencySymbol\">&euro;<\/span><\/span><\/div>\n\t\t\t\t\n            <\/a>\n            <div class=\"wp-block-button wc-block-grid__product-add-to-cart\"><a href=\"https:\/\/www.utinam-boutique.fr\/en\/produit\/quadripod\/\" aria-label=\"Select options for &ldquo;QUADRIPOD&rdquo;\" data-quantity=\"1\" data-product_id=\"1975\" data-product_sku=\"\" rel=\"nofollow\" class=\"wp-block-button__link wp-element-button add_to_cart_button\">Select options<\/a><\/div>\n        <\/li>\n    \n        <li class=\"wc-block-grid__product\">\n            <a href=\"https:\/\/www.utinam-boutique.fr\/en\/produit\/pop-up-wood-wall-clock-with-regulator-2\/\" class=\"wc-block-grid__product-link\">\n                <div class=\"wc-block-grid__product-image\"><img width=\"922\" height=\"1080\" src=\"https:\/\/www.utinam-boutique.fr\/wp-content\/uploads\/2022\/10\/horloge-utinam-pop-up-murale-bois-avec-regulateur.png\" class=\"attachment-woocommerce_thumbnail size-woocommerce_thumbnail\" alt=\"POP UP wood wall clock with regulator\" decoding=\"async\" loading=\"lazy\" \/><\/div>\n\t\t\t\t\n\t\t\t\t<div class=\"wc-block-grid__product-title\">POP UP wood wall clock with regulator<\/div>\n\t\t\t\t<div class=\"wc-block-grid__product-price price\"><span class=\"woocommerce-Price-amount amount\">12000,00&nbsp;<span class=\"woocommerce-Price-currencySymbol\">&euro;<\/span><\/span><\/div>\n\t\t\t\t\n            <\/a>\n            <div class=\"wp-block-button wc-block-grid__product-add-to-cart\"><a href=\"?add-to-cart=1952\" aria-label=\"Add &ldquo;POP UP wood wall clock with regulator&rdquo; to your cart\" data-quantity=\"1\" data-product_id=\"1952\" data-product_sku=\"\" rel=\"nofollow\" class=\"wp-block-button__link wp-element-button add_to_cart_button ajax_add_to_cart\">Add to cart<\/a><\/div>\n        <\/li>\n    \n        <li class=\"wc-block-grid__product\">\n            <a href=\"https:\/\/www.utinam-boutique.fr\/en\/produit\/wall-clock-jean-marie-finot-philippe-lebru-2\/\" class=\"wc-block-grid__product-link\">\n                <div class=\"wc-block-grid__product-image\"><img width=\"922\" height=\"1080\" src=\"https:\/\/www.utinam-boutique.fr\/wp-content\/uploads\/2022\/10\/horloge-utinam-besancon-murale-jean-marie-finot-x-philippe-lebru.png\" class=\"attachment-woocommerce_thumbnail size-woocommerce_thumbnail\" alt=\"Wall clock Jean-Marie FINOT &amp; Philippe LEBRU\" decoding=\"async\" loading=\"lazy\" \/><\/div>\n\t\t\t\t\n\t\t\t\t<div class=\"wc-block-grid__product-title\">Wall clock Jean-Marie FINOT &amp; Philippe LEBRU<\/div>\n\t\t\t\t<div class=\"wc-block-grid__product-price price\"><span class=\"woocommerce-Price-amount amount\">7900,00&nbsp;<span class=\"woocommerce-Price-currencySymbol\">&euro;<\/span><\/span><\/div>\n\t\t\t\t\n            <\/a>\n            <div class=\"wp-block-button wc-block-grid__product-add-to-cart\"><a href=\"?add-to-cart=1945\" aria-label=\"Add &ldquo;Wall clock Jean-Marie FINOT &amp; Philippe LEBRU&rdquo; to your cart\" data-quantity=\"1\" data-product_id=\"1945\" data-product_sku=\"\" rel=\"nofollow\" class=\"wp-block-button__link wp-element-button add_to_cart_button ajax_add_to_cart\">Add to cart<\/a><\/div>\n        <\/li>\n    \n        <li class=\"wc-block-grid__product\">\n            <a href=\"https:\/\/www.utinam-boutique.fr\/en\/produit\/constence-standing-clock-stainless-steel\/\" class=\"wc-block-grid__product-link\">\n                <div class=\"wc-block-grid__product-image\"><img width=\"922\" height=\"1080\" src=\"https:\/\/www.utinam-boutique.fr\/wp-content\/uploads\/2022\/10\/horloge-utinam-besancon-constence-inox.png\" class=\"attachment-woocommerce_thumbnail size-woocommerce_thumbnail\" alt=\"CONSTENCE standing clock stainless steel\" decoding=\"async\" loading=\"lazy\" \/><\/div>\n\t\t\t\t\n\t\t\t\t<div class=\"wc-block-grid__product-title\">CONSTENCE standing clock stainless steel<\/div>\n\t\t\t\t<div class=\"wc-block-grid__product-price price\"><span class=\"woocommerce-Price-amount amount\">8400,00&nbsp;<span class=\"woocommerce-Price-currencySymbol\">&euro;<\/span><\/span><\/div>\n\t\t\t\t\n            <\/a>\n            <div class=\"wp-block-button wc-block-grid__product-add-to-cart\"><a href=\"?add-to-cart=1943\" aria-label=\"Add &ldquo;CONSTENCE standing clock stainless steel&rdquo; to your cart\" data-quantity=\"1\" data-product_id=\"1943\" data-product_sku=\"\" rel=\"nofollow\" class=\"wp-block-button__link wp-element-button add_to_cart_button ajax_add_to_cart\">Add to cart<\/a><\/div>\n        <\/li>\n    \n        <li class=\"wc-block-grid__product\">\n            <a href=\"https:\/\/www.utinam-boutique.fr\/en\/produit\/grande-lala-standing-clock-stainless-steel\/\" class=\"wc-block-grid__product-link\">\n                <div class=\"wc-block-grid__product-image\"><img width=\"922\" height=\"1080\" src=\"https:\/\/www.utinam-boutique.fr\/wp-content\/uploads\/2022\/10\/horloge-utinam-besancon-grande-lala-inox.png\" class=\"attachment-woocommerce_thumbnail size-woocommerce_thumbnail\" alt=\"GRANDE LALA standing clock stainless steel\" decoding=\"async\" loading=\"lazy\" \/><\/div>\n\t\t\t\t\n\t\t\t\t<div class=\"wc-block-grid__product-title\">GRANDE LALA standing clock stainless steel<\/div>\n\t\t\t\t<div class=\"wc-block-grid__product-price price\"><span class=\"woocommerce-Price-amount amount\">8400,00&nbsp;<span class=\"woocommerce-Price-currencySymbol\">&euro;<\/span><\/span><\/div>\n\t\t\t\t\n            <\/a>\n            <div class=\"wp-block-button wc-block-grid__product-add-to-cart\"><a href=\"?add-to-cart=1944\" aria-label=\"Add &ldquo;GRANDE LALA standing clock stainless steel&rdquo; to your cart\" data-quantity=\"1\" data-product_id=\"1944\" data-product_sku=\"\" rel=\"nofollow\" class=\"wp-block-button__link wp-element-button add_to_cart_button ajax_add_to_cart\">Add to cart<\/a><\/div>\n        <\/li>\n    <\/ul><\/div>\n\n\n<div style=\"height:97px\" aria-hidden=\"true\" class=\"wp-block-spacer\"><\/div>\n\n\n\n<div class=\"is-content-justification-center is-layout-flex wp-container-12 wp-block-buttons\">\n<div class=\"wp-block-button\"><a class=\"wp-block-button__link wp-element-button\" href=\"https:\/\/www.utinam-boutique.fr\/en\/shop\/\">DISCOVER ALL THE COLLECTIONS<\/a><\/div>\n<\/div>\n\n\n\n<div style=\"height:8vh\" aria-hidden=\"true\" class=\"wp-block-spacer\"><\/div>\n\n\n\n<div class=\"is-layout-flow wp-block-group alignwide\">\n<div class=\"is-layout-flex wp-container-15 wp-block-columns\">\n<div class=\"is-layout-flow wp-block-column\" style=\"flex-basis:100%\">\n<div class=\"is-layout-flow wp-block-group\"><\/div>\n<\/div>\n<\/div>\n<\/div>\n\n\n\n<div class=\"l-mad\">\n  <div class=\"l-mad__wrapper\">\n    <div class=\"l-mad__text\">\n      Located in Geneva, Dubai, Hong Kong and Taipei, M.A.D. Gallery is a captivating universe of kinetic art where horological machines and mechanical art devices reign supreme. The UTINAM Kontwaz Bauhaus 2 sharing many values with M.A.D. Gallery, it is therefore unsurprising that it can be found there.    <\/div>\n    <div class=\"l-mad__places\">\n      <div class=\"c-mad-place\">\n        <h1 class=\"c-mad-place__title -madgallery\">Madgallery<\/h1>\n        <div class=\"c-mad-place__visual\">\n          <img src=\"https:\/\/madgallery.utinam.fr\/assets\/img\/madgallery.jpg\" alt=\"Mad Gallery\" class=\"c-mad-place__image\">\n        <\/div>\n        <ul class=\"c-mad-place__list\">\n          <li class=\"c-mad-place__item\">\n            <p class=\"c-mad-place__city\">Tapei<\/p>\n            <a href=\"mailto:staphy.lin@swissp.com.tw\" title=\"\u00c9crire \u00e0 la Mad Gallery de Tapei\" class=\"c-mad-place__info\">\n              <img src=\"https:\/\/madgallery.utinam.fr\/assets\/img\/mail.svg\" alt=\"Ic\u00f4ne d'enveloppe noire\" class=\"c-mad-place__icon\">\n              <span>Contact us<\/span>\n            <\/a>\n            <a href=\"tel:+44 7495 999754\" title=\"Appeler la Mad Gallery de Tapei\" class=\"c-mad-place__info\">\n              <img src=\"https:\/\/madgallery.utinam.fr\/assets\/img\/phone.svg\" alt=\"Ic\u00f4ne de t\u00e9l\u00e9phone noire\" class=\"c-mad-place__icon\">\n              <span>Call us<\/span>\n            <\/a>\n          <\/li>\n          <li class=\"c-mad-place__item\">\n            <p class=\"c-mad-place__city\">Gen\u00e8ve<\/p>\n            <a href=\"mailto:c.roussel@mbandf.com\" title=\"\u00c9crire \u00e0 la Mad Gallery de Gen\u00e8ve\" class=\"c-mad-place__info\">\n              <img src=\"https:\/\/madgallery.utinam.fr\/assets\/img\/mail.svg\" alt=\"Ic\u00f4ne d'enveloppe noire\" class=\"c-mad-place__icon\">\n              <span>Contact us<\/span>\n            <\/a>\n            <a href=\"tel:+41 78 951 86 33\" title=\"Appeler la Mad Gallery de Gen\u00e8ve\" class=\"c-mad-place__info\">\n              <img src=\"https:\/\/madgallery.utinam.fr\/assets\/img\/phone.svg\" alt=\"Ic\u00f4ne de t\u00e9l\u00e9phone noire\" class=\"c-mad-place__icon\">\n              <span>Call us<\/span>\n            <\/a>\n          <\/li>\n          <li class=\"c-mad-place__item\">\n            <p class=\"c-mad-place__city\">Duba\u00ef<\/p>\n            <a href=\"mailto:wael.najjar@seddiqi.com\" title=\"\u00c9crire \u00e0 la Mad Gallery de Duba\u00ef\" class=\"c-mad-place__info\">\n              <img src=\"https:\/\/madgallery.utinam.fr\/assets\/img\/mail.svg\" alt=\"Ic\u00f4ne d'enveloppe noire\" class=\"c-mad-place__icon\">\n              <span>Contact us<\/span>\n            <\/a>\n            <a href=\"tel:+971 56 548 8079\" title=\"Appeler la Mad Gallery de Duba\u00ef\" class=\"c-mad-place__info\">\n              <img src=\"https:\/\/madgallery.utinam.fr\/assets\/img\/phone.svg\" alt=\"Ic\u00f4ne de t\u00e9l\u00e9phone noire\" class=\"c-mad-place__icon\">\n              <span>Call us<\/span>\n            <\/a>\n          <\/li>\n        <\/ul>\n        <a href=\"https:\/\/www.madgallery.net\/geneva\/en\" title=\"Mad Gallery\" target=\"_blank\" class=\"c-mad-button\"> Discover the MAD Gallery<\/a>\n      <\/div>\n      <div class=\"c-mad-place\">\n        <h1 class=\"c-mad-place__title -labmbf\">LAB mb&f<\/h1>\n        <div class=\"c-mad-place__visual\">\n          <img src=\"https:\/\/madgallery.utinam.fr\/assets\/img\/labmb&f.jpg\" alt=\"Mad Gallery\" class=\"c-mad-place__image\">\n        <\/div>\n        <ul class=\"c-mad-place__list\">\n          <li class=\"c-mad-place__item\">\n            <p class=\"c-mad-place__city\">PARIS<\/p>\n            <a href=\"mailto:chronopassion@me.com\" title=\"\u00c9crire au Lab MB&F de Paris\" class=\"c-mad-place__info\">\n              <img src=\"https:\/\/madgallery.utinam.fr\/assets\/img\/mail.svg\" alt=\"Ic\u00f4ne d'enveloppe noire\" class=\"c-mad-place__icon\">\n              <span>Contact us<\/span>\n            <\/a>\n            <a href=\"tel:+33 1 42 60 50 72\" title=\"Appeler le LAB MB&F de Paris\" class=\"c-mad-place__info\">\n              <img src=\"https:\/\/madgallery.utinam.fr\/assets\/img\/phone.svg\" alt=\"Ic\u00f4ne de t\u00e9l\u00e9phone noire\" class=\"c-mad-place__icon\">\n              <span>Call us<\/span>\n            <\/a>\n          <\/li>\n          <li class=\"c-mad-place__item\">\n            <p class=\"c-mad-place__city\">singapour<\/p>\n            <a href=\"mailto:maximilian.rolf@thehourglass.com\" title=\"\u00c9crire au Lab MB&F de Singapour\" class=\"c-mad-place__info\">\n              <img src=\"https:\/\/madgallery.utinam.fr\/assets\/img\/mail.svg\" alt=\"Ic\u00f4ne d'enveloppe noire\" class=\"c-mad-place__icon\">\n              <span>Contact us<\/span>\n            <\/a>\n            <a href=\"tel:+65 9077 4622\" title=\"Appeler le Lab MB&F de Singapour\" class=\"c-mad-place__info\">\n              <img src=\"https:\/\/madgallery.utinam.fr\/assets\/img\/phone.svg\" alt=\"Ic\u00f4ne de t\u00e9l\u00e9phone noire\" class=\"c-mad-place__icon\">\n              <span>Call us<\/span>\n            <\/a>\n          <\/li>\n          <li class=\"c-mad-place__item\">\n            <p class=\"c-mad-place__city\">los Angeles<\/p>\n            <a href=\"mailto:ivan@westime.com\" title=\"\u00c9crire au Lab MB&F de Los Angeles\" class=\"c-mad-place__info\">\n              <img src=\"https:\/\/madgallery.utinam.fr\/assets\/img\/mail.svg\" alt=\"Ic\u00f4ne d'enveloppe noire\" class=\"c-mad-place__icon\">\n              <span>Contact us<\/span>\n            <\/a>\n            <a href=\"tel:+1 310 205 5555\" title=\"Appeler le Lab MB&F de Los Angeles\" class=\"c-mad-place__info\">\n              <img src=\"https:\/\/madgallery.utinam.fr\/assets\/img\/phone.svg\" alt=\"Ic\u00f4ne de t\u00e9l\u00e9phone noire\" class=\"c-mad-place__icon\">\n              <span>Call us<\/span>\n            <\/a>\n          <\/li>\n        <\/ul>\n      <\/div>\n    <\/div>\n  <\/div>\n<\/div>\n\n\n\n<div class=\"is-layout-flex wp-container-20 wp-block-columns\">\n<div class=\"is-layout-flow wp-block-column\">\n<div class=\"is-layout-flex wp-container-18 wp-block-columns\">\n<div class=\"is-layout-flow wp-block-column c-madgallery\" style=\"flex-basis:100%\"><\/div>\n<\/div>\n<\/div>\n<\/div>\n\n\n\n<div style=\"height:148px\" aria-hidden=\"true\" class=\"wp-block-spacer\"><\/div>\n\n\n\n<div class=\"is-layout-flex wp-container-25 wp-block-columns -is-grey\">\n<div class=\"is-layout-flow wp-block-column\">\n<div style=\"height:200px\" aria-hidden=\"true\" class=\"wp-block-spacer\"><\/div>\n\n\n\n<h2 class=\"u-title-h4\">OUR STORES GRANDE RUE IN BESAN\u00c7ON<\/h2>\n\n\n\n<div style=\"height:41px\" aria-hidden=\"true\" class=\"wp-block-spacer\"><\/div>\n\n\n\n<p>UTINAM opens the doors of 117 and 119 Grande Rue in Besan\u00e7on to you to find all of the brand\u2019s mechanical works of art as well as an exclusive selection of the best watchmakers of our time. Also discover the UTINAM Manufacture and discover the watchmaking know-how of the Arc-Jura region by entering \u201cIn the Skin of a Watchmaker\u201d during a unique immersive workshop.<\/p>\n\n\n\n<div style=\"height:65px\" aria-hidden=\"true\" class=\"wp-block-spacer\"><\/div>\n\n\n\n<p><strong>To further explore our universe and our works of mechanical art<\/strong><\/p>\n\n\n\n<div style=\"height:21px\" aria-hidden=\"true\" class=\"wp-block-spacer\"><\/div>\n\n\n\n<div class=\"is-layout-flex wp-block-buttons\">\n<div class=\"wp-block-button\"><a class=\"wp-block-button__link wp-element-button\" href=\"https:\/\/www.utinam.fr\/contact\" target=\"_blank\" rel=\"noreferrer noopener\">CONTACT OUR UTINAM ADVISORS<\/a><\/div>\n<\/div>\n<\/div>\n\n\n\n<div class=\"is-layout-flow wp-block-column\" style=\"flex-basis:50px\"><\/div>\n\n\n\n<div class=\"is-layout-flow wp-block-column\">\n<figure class=\"wp-block-image size-large -is-multiply\"><img decoding=\"async\" loading=\"lazy\" width=\"580\" height=\"1024\" src=\"https:\/\/www.utinam-boutique.fr\/wp-content\/uploads\/2022\/11\/location-580x1024.png\" alt=\"\" class=\"wp-image-1779\" srcset=\"https:\/\/www.utinam-boutique.fr\/wp-content\/uploads\/2022\/11\/location-580x1024.png 580w, https:\/\/www.utinam-boutique.fr\/wp-content\/uploads\/2022\/11\/location-170x300.png 170w, https:\/\/www.utinam-boutique.fr\/wp-content\/uploads\/2022\/11\/location-768x1355.png 768w, https:\/\/www.utinam-boutique.fr\/wp-content\/uploads\/2022\/11\/location-870x1536.png 870w, https:\/\/www.utinam-boutique.fr\/wp-content\/uploads\/2022\/11\/location-1160x2048.png 1160w, https:\/\/www.utinam-boutique.fr\/wp-content\/uploads\/2022\/11\/location.png 612w\" sizes=\"(max-width: 580px) 100vw, 580px\" \/><\/figure>\n<\/div>\n<\/div>\n\n\n\n<div class=\"is-layout-flex wp-container-27 wp-block-columns\">\n<div class=\"is-layout-constrained wp-container-26 wp-block-column\"><\/div>\n<\/div>\n","protected":false},"excerpt":{"rendered":"<p>Pop Up 11 900 \u20ac UTINAM Besan\u00e7on mechanical clock designed by Philippe LEBRU, with a patented movement, awarded at the L\u00e9pine competition in Paris in 2005, numbered pieces, limited series of 88, designed and made in our Besan\u00e7on workshops Collections Unique and technological, subversive and creative, discover&nbsp;UTINAM watchmaking OUR STORES GRANDE RUE IN BESAN\u00c7ON UTINAM [&hellip;]<\/p>\n","protected":false},"author":1,"featured_media":0,"parent":0,"menu_order":0,"comment_status":"closed","ping_status":"closed","template":"page-blank","meta":[],"acf":[],"_links":{"self":[{"href":"https:\/\/www.utinam-boutique.fr\/en\/wp-json\/wp\/v2\/pages\/1808"}],"collection":[{"href":"https:\/\/www.utinam-boutique.fr\/en\/wp-json\/wp\/v2\/pages"}],"about":[{"href":"https:\/\/www.utinam-boutique.fr\/en\/wp-json\/wp\/v2\/types\/page"}],"author":[{"embeddable":true,"href":"https:\/\/www.utinam-boutique.fr\/en\/wp-json\/wp\/v2\/users\/1"}],"replies":[{"embeddable":true,"href":"https:\/\/www.utinam-boutique.fr\/en\/wp-json\/wp\/v2\/comments?post=1808"}],"version-history":[{"count":14,"href":"https:\/\/www.utinam-boutique.fr\/en\/wp-json\/wp\/v2\/pages\/1808\/revisions"}],"predecessor-version":[{"id":2698,"href":"https:\/\/www.utinam-boutique.fr\/en\/wp-json\/wp\/v2\/pages\/1808\/revisions\/2698"}],"wp:attachment":[{"href":"https:\/\/www.utinam-boutique.fr\/en\/wp-json\/wp\/v2\/media?parent=1808"}],"curies":[{"name":"wp","href":"https:\/\/api.w.org\/{rel}","templated":true}]}}