{"id":1943,"date":"2022-10-24T17:24:08","date_gmt":"2022-10-24T15:24:08","guid":{"rendered":"https:\/\/www.utinam-boutique.fr\/produit\/constence-standing-clock-stainless-steel\/"},"modified":"2022-11-09T14:02:05","modified_gmt":"2022-11-09T13:02:05","slug":"constence-standing-clock-stainless-steel","status":"publish","type":"product","link":"https:\/\/www.utinam-boutique.fr\/en\/produit\/constence-standing-clock-stainless-steel\/","title":{"rendered":"CONSTENCE standing clock stainless steel"},"content":{"rendered":"\n<p>The the very first clocks in the UTINAM collection! From the top of its the elegance and the haughty bearing of this great lady. reminds us that she is the leading figure of the UTINAM Besan\u00e7on clocks. This stretched collection of brushed stainless steel, is now enriched with an version in acrylic glass, the object of a craft process related to the casting of a sculpture. Presence and transparency assured or how assert the subtlety of time on a daily basis!<\/p>\n","protected":false},"excerpt":{"rendered":"<p>Mechanical clock UTINAM Besan\u00e7on designed by Philippe LEBRU, with a patented movement, awarded at the Concours L\u00e9pine de Paris in 2005, numbered pieces, designed and made in our Besan\u00e7on workshops.<\/p>\n","protected":false},"featured_media":1375,"template":"","meta":[],"product_cat":[72,74],"product_tag":[],"acf":[],"_links":{"self":[{"href":"https:\/\/www.utinam-boutique.fr\/en\/wp-json\/wp\/v2\/product\/1943"}],"collection":[{"href":"https:\/\/www.utinam-boutique.fr\/en\/wp-json\/wp\/v2\/product"}],"about":[{"href":"https:\/\/www.utinam-boutique.fr\/en\/wp-json\/wp\/v2\/types\/product"}],"wp:featuredmedia":[{"embeddable":true,"href":"https:\/\/www.utinam-boutique.fr\/en\/wp-json\/wp\/v2\/media\/1375"}],"wp:attachment":[{"href":"https:\/\/www.utinam-boutique.fr\/en\/wp-json\/wp\/v2\/media?parent=1943"}],"wp:term":[{"taxonomy":"product_cat","embeddable":true,"href":"https:\/\/www.utinam-boutique.fr\/en\/wp-json\/wp\/v2\/product_cat?post=1943"},{"taxonomy":"product_tag","embeddable":true,"href":"https:\/\/www.utinam-boutique.fr\/en\/wp-json\/wp\/v2\/product_tag?post=1943"}],"curies":[{"name":"wp","href":"https:\/\/api.w.org\/{rel}","templated":true}]}}