{"id":1944,"date":"2022-10-24T17:23:37","date_gmt":"2022-10-24T15:23:37","guid":{"rendered":"https:\/\/www.utinam-boutique.fr\/produit\/grande-lala-standing-clock-stainless-steel\/"},"modified":"2022-11-09T14:01:24","modified_gmt":"2022-11-09T13:01:24","slug":"grande-lala-standing-clock-stainless-steel","status":"publish","type":"product","link":"https:\/\/www.utinam-boutique.fr\/en\/produit\/grande-lala-standing-clock-stainless-steel\/","title":{"rendered":"GRANDE LALA standing clock stainless steel"},"content":{"rendered":"\n<p>The very first clocks of the UTINAM Besan\u00e7on collection. This collection of clocks, equipped with the latest UTINAM manufactured movement, can be installed in any style of interior, in an ancient as well as a contemporary universe. The openworked circular-shaped brushed stainless steel dial features rectangular hour markers with mirror-polished treatment. You will be seduced by the beauty of the perpetual movement mechanism. The power reserve of this true horological painting is one week, the winding is manual. Singularity and offset for a ZEN time that is not lacking in refinement!<\/p>\n","protected":false},"excerpt":{"rendered":"<p>Mechanical clock UTINAM Besan\u00e7on designed by Philippe LEBRU, with a patented movement, awarded at the Concours L\u00e9pine de Paris in 2005, numbered pieces, designed and made in our Besan\u00e7on workshops.<\/p>\n","protected":false},"featured_media":1369,"template":"","meta":[],"product_cat":[72,74],"product_tag":[],"acf":[],"_links":{"self":[{"href":"https:\/\/www.utinam-boutique.fr\/en\/wp-json\/wp\/v2\/product\/1944"}],"collection":[{"href":"https:\/\/www.utinam-boutique.fr\/en\/wp-json\/wp\/v2\/product"}],"about":[{"href":"https:\/\/www.utinam-boutique.fr\/en\/wp-json\/wp\/v2\/types\/product"}],"wp:featuredmedia":[{"embeddable":true,"href":"https:\/\/www.utinam-boutique.fr\/en\/wp-json\/wp\/v2\/media\/1369"}],"wp:attachment":[{"href":"https:\/\/www.utinam-boutique.fr\/en\/wp-json\/wp\/v2\/media?parent=1944"}],"wp:term":[{"taxonomy":"product_cat","embeddable":true,"href":"https:\/\/www.utinam-boutique.fr\/en\/wp-json\/wp\/v2\/product_cat?post=1944"},{"taxonomy":"product_tag","embeddable":true,"href":"https:\/\/www.utinam-boutique.fr\/en\/wp-json\/wp\/v2\/product_tag?post=1944"}],"curies":[{"name":"wp","href":"https:\/\/api.w.org\/{rel}","templated":true}]}}