{"id":1945,"date":"2022-10-25T15:52:32","date_gmt":"2022-10-25T13:52:32","guid":{"rendered":"https:\/\/www.utinam-boutique.fr\/produit\/wall-clock-jean-marie-finot-philippe-lebru-2\/"},"modified":"2022-11-09T13:39:52","modified_gmt":"2022-11-09T12:39:52","slug":"wall-clock-jean-marie-finot-philippe-lebru-2","status":"publish","type":"product","link":"https:\/\/www.utinam-boutique.fr\/en\/produit\/wall-clock-jean-marie-finot-philippe-lebru-2\/","title":{"rendered":"Wall clock Jean-Marie FINOT &#038; Philippe LEBRU"},"content":{"rendered":"","protected":false},"excerpt":{"rendered":"<p>Mechanical clock UTINAM Besan\u00e7on imagined by Jean Marie FINOT X Philippe LEBRU, with a patented movement, awarded at the L\u00e9pine competition in Paris in 2005, numbered pieces, designed and made in our Besan\u00e7on workshops.<\/p>\n","protected":false},"featured_media":1374,"template":"","meta":[],"product_cat":[72,73],"product_tag":[],"acf":[],"_links":{"self":[{"href":"https:\/\/www.utinam-boutique.fr\/en\/wp-json\/wp\/v2\/product\/1945"}],"collection":[{"href":"https:\/\/www.utinam-boutique.fr\/en\/wp-json\/wp\/v2\/product"}],"about":[{"href":"https:\/\/www.utinam-boutique.fr\/en\/wp-json\/wp\/v2\/types\/product"}],"wp:featuredmedia":[{"embeddable":true,"href":"https:\/\/www.utinam-boutique.fr\/en\/wp-json\/wp\/v2\/media\/1374"}],"wp:attachment":[{"href":"https:\/\/www.utinam-boutique.fr\/en\/wp-json\/wp\/v2\/media?parent=1945"}],"wp:term":[{"taxonomy":"product_cat","embeddable":true,"href":"https:\/\/www.utinam-boutique.fr\/en\/wp-json\/wp\/v2\/product_cat?post=1945"},{"taxonomy":"product_tag","embeddable":true,"href":"https:\/\/www.utinam-boutique.fr\/en\/wp-json\/wp\/v2\/product_tag?post=1945"}],"curies":[{"name":"wp","href":"https:\/\/api.w.org\/{rel}","templated":true}]}}