{"id":1970,"date":"2022-10-26T11:01:09","date_gmt":"2022-10-26T09:01:09","guid":{"rendered":"https:\/\/www.utinam-boutique.fr\/produit\/pop-up-standing-clock-wood-with-regulator\/"},"modified":"2022-11-09T15:17:32","modified_gmt":"2022-11-09T14:17:32","slug":"pop-up-standing-clock-wood","status":"publish","type":"product","link":"https:\/\/www.utinam-boutique.fr\/en\/produit\/pop-up-standing-clock-wood\/","title":{"rendered":"POP UP standing clock wood"},"content":{"rendered":"\n<p>&#8220;I was dreaming of a timeless clock: the one that defies Time, the one that escapes it! Tense between past and future, its line would build our relationship with the other. Geometry of the sensitive, graphic mechanics inscribing the time of the present, I dreamed of a Point Of Presence. I created POP UP &#8220;<\/p>\n\n<p>Vision postindustrielle pour les \u00e9ditions limit\u00e9es Aluminium ou Corten, moderniste en bicolore ou personnelle parmi les 8 couleurs disponibles, la POP UP traverse les styles comme les \u00e9poques. Elle est dot\u00e9e d\u2019un mouvement m\u00e9canique brevet\u00e9 manufactur\u00e9 par Utinam Besan\u00e7on.<\/p>\n","protected":false},"excerpt":{"rendered":"<p>Mechanical clock UTINAM Besan\u00e7on designed by Philippe LEBRU, with patented movement, awarded at the Concours L\u00e9pine de Paris in 2005, numbered pieces, limited series of 8 pieces, designed and made in our workshops in Besan\u00e7on.<\/p>\n","protected":false},"featured_media":1414,"template":"","meta":[],"product_cat":[72,74],"product_tag":[],"acf":[],"_links":{"self":[{"href":"https:\/\/www.utinam-boutique.fr\/en\/wp-json\/wp\/v2\/product\/1970"}],"collection":[{"href":"https:\/\/www.utinam-boutique.fr\/en\/wp-json\/wp\/v2\/product"}],"about":[{"href":"https:\/\/www.utinam-boutique.fr\/en\/wp-json\/wp\/v2\/types\/product"}],"wp:featuredmedia":[{"embeddable":true,"href":"https:\/\/www.utinam-boutique.fr\/en\/wp-json\/wp\/v2\/media\/1414"}],"wp:attachment":[{"href":"https:\/\/www.utinam-boutique.fr\/en\/wp-json\/wp\/v2\/media?parent=1970"}],"wp:term":[{"taxonomy":"product_cat","embeddable":true,"href":"https:\/\/www.utinam-boutique.fr\/en\/wp-json\/wp\/v2\/product_cat?post=1970"},{"taxonomy":"product_tag","embeddable":true,"href":"https:\/\/www.utinam-boutique.fr\/en\/wp-json\/wp\/v2\/product_tag?post=1970"}],"curies":[{"name":"wp","href":"https:\/\/api.w.org\/{rel}","templated":true}]}}