{"id":1974,"date":"2022-10-25T16:38:06","date_gmt":"2022-10-25T14:38:06","guid":{"rendered":"https:\/\/www.utinam-boutique.fr\/produit\/pop-up-standing-clock-monochrome-black-2\/"},"modified":"2022-11-09T15:18:07","modified_gmt":"2022-11-09T14:18:07","slug":"pop-up-standing-clock-monochrome","status":"publish","type":"product","link":"https:\/\/www.utinam-boutique.fr\/en\/produit\/pop-up-standing-clock-monochrome\/","title":{"rendered":"POP UP standing clock monochrome"},"content":{"rendered":"\n<p>&#8220;I was dreaming of a timeless clock: the one that defies Time, the one that escapes it! Tense between past and future, its line would build our relationship with the other. Geometry of the sensitive, graphic mechanics inscribing the time of the present, I dreamed of a Point Of Presence. I created POP UP &#8220;<\/p>\n\n<p>Post-industrial vision for the Aluminium or Corten limited editions, modernist in two-tone or personal among the 8 available colors, the POP UP crosses styles as well as eras. It is equipped with a patented mechanical movement manufactured by Utinam Besan\u00e7on.<\/p>\n","protected":false},"excerpt":{"rendered":"<p>Mechanical clock UTINAM Besan\u00e7on designed by Philippe LEBRU, with patented movement, awarded at the Concours L\u00e9pine de Paris in 2005, numbered pieces, limited series of 88 pieces, designed and made in our workshops in Besan\u00e7on.<\/p>\n","protected":false},"featured_media":1586,"template":"","meta":[],"product_cat":[72,74],"product_tag":[],"acf":[],"_links":{"self":[{"href":"https:\/\/www.utinam-boutique.fr\/en\/wp-json\/wp\/v2\/product\/1974"}],"collection":[{"href":"https:\/\/www.utinam-boutique.fr\/en\/wp-json\/wp\/v2\/product"}],"about":[{"href":"https:\/\/www.utinam-boutique.fr\/en\/wp-json\/wp\/v2\/types\/product"}],"wp:featuredmedia":[{"embeddable":true,"href":"https:\/\/www.utinam-boutique.fr\/en\/wp-json\/wp\/v2\/media\/1586"}],"wp:attachment":[{"href":"https:\/\/www.utinam-boutique.fr\/en\/wp-json\/wp\/v2\/media?parent=1974"}],"wp:term":[{"taxonomy":"product_cat","embeddable":true,"href":"https:\/\/www.utinam-boutique.fr\/en\/wp-json\/wp\/v2\/product_cat?post=1974"},{"taxonomy":"product_tag","embeddable":true,"href":"https:\/\/www.utinam-boutique.fr\/en\/wp-json\/wp\/v2\/product_tag?post=1974"}],"curies":[{"name":"wp","href":"https:\/\/api.w.org\/{rel}","templated":true}]}}